{"id":2619,"date":"2018-03-21T10:04:06","date_gmt":"2018-03-21T10:04:06","guid":{"rendered":"http:\/\/riomare-ml.secure-lampi.com\/salute-e-benessere\/"},"modified":"2019-03-05T17:00:20","modified_gmt":"2019-03-05T17:00:20","slug":"egeszseg-es-jollet","status":"publish","type":"page","link":"https:\/\/www.riomare.fi\/hu\/egeszseg-es-jollet\/","title":{"rendered":"Eg\u00e9szs\u00e9g \u00e9s j\u00f3ll\u00e9t"},"content":{"rendered":"\n  <div class=\"banner has-hover\" id=\"banner-2119683425\">\n          <div class=\"banner-inner fill\">\n        <div class=\"banner-bg fill\" >\n            <div class=\"bg fill bg-fill \"><\/div>\n                                    \n                    <\/div>\n\t\t\n        <div class=\"banner-layers container\">\n            <div class=\"fill banner-link\"><\/div>            \n   <div id=\"text-box-1752756404\" class=\"text-box banner-layer x50 md-x0 lg-x0 y90 md-y95 lg-y95 res-text\">\n                                <div class=\"text-box-content text \">\n              \n              <div class=\"text-inner text-left\">\n                  \n<h3 class=\"plutobold blue\" style=\"font-size: 30px; line-height: 34px;\">Egy\u00e9l halat, \u00e9s \u00e9lj jobban! <\/h3>\n<p style=\"margin-bottom: 10px !important; font-size: 18px; line-height: 22px;\">A Rio Mare hal tartalmazza a friss halakban megtal\u00e1lhat\u00f3 t\u00e1panyagok legnagyobb r\u00e9sz\u00e9t, ezen k\u00edv\u00fcl pedig \u00e9rt\u00e9kes feh\u00e9rj\u00e9ket, \u00e1sv\u00e1nyi s\u00f3kat, vitaminokat \u00e9s Omega-3 zs\u00edrsavakat.<\/p>\n<p class=\"blue\" style=\"font-size: 18px; line-height: 22px; color: #008fcc;\">\u00c9rdekes tudnival\u00f3k a Rio Mare halr\u00f3l \u00e9s a t\u00e1p\u00e9rt\u00e9k\u00e9r\u0151l.<\/p>\n              <\/div>\n           <\/div>\n                            \n<style>\n#text-box-1752756404 .text-box-content {\n  background-color: rgb(255, 255, 255);\n  font-size: 86%;\n}\n#text-box-1752756404 .text-inner {\n  padding: 40px 30px 40px 30px;\n}\n#text-box-1752756404 {\n  width: 90%;\n}\n@media (min-width:550px) {\n  #text-box-1752756404 {\n    width: 67%;\n  }\n}\n@media (min-width:850px) {\n  #text-box-1752756404 {\n    width: 35%;\n  }\n}\n<\/style>\n    <\/div>\n \n        <\/div>\n      <\/div>\n\n            \n<style>\n#banner-2119683425 {\n  padding-top: 700px;\n}\n#banner-2119683425 .bg.bg-loaded {\n  background-image: url(https:\/\/www.riomare.fi\/wp-content\/uploads\/2018\/04\/header-pagina-nutrizione-1-1024x427.jpg);\n}\n#banner-2119683425 .ux-shape-divider--top svg {\n  height: 150px;\n  --divider-top-width: 100%;\n}\n#banner-2119683425 .ux-shape-divider--bottom svg {\n  height: 150px;\n  --divider-width: 100%;\n}\n<\/style>\n  <\/div>\n\n\n\t<section class=\"section hoverposts dark\" id=\"section_816659412\">\n\t\t<div class=\"bg section-bg fill bg-fill  bg-loaded\" >\n\n\t\t\t\n\t\t\t\n\t\t\t\n\n\t\t<\/div>\n\n\t\t\n\n\t\t<div class=\"section-content relative\">\n\t\t\t\n<div class=\"row align-equal rowlarge\"  id=\"row-754238190\">\n\n\t<div id=\"col-793064795\" class=\"col linkpescenelladieta medium-6 small-12 large-3\"  >\n\t\t\t\t<div class=\"col-inner\"  >\n\t\t\t\n\t\t\t\n<h3 class=\"plutobold\" style=\"padding: 0px 10px; font-size: 24px; line-height: 26px;\">A hal a mediterr\u00e1n<br \/>\n\u00e9trendben<\/h3>\n\t<div class=\"img has-hover x md-x lg-x y md-y lg-y\" id=\"image_561202311\">\n\t\t<a class=\"\" href=\"\/fish-in-the-mediterranean-diet\/\"  >\t\t\t\t\t\t<div class=\"img-inner dark\" >\n\t\t\t<img width=\"350\" height=\"200\" src=\"https:\/\/www.riomare.fi\/wp-content\/uploads\/2018\/04\/shutterstock_415721434.png\" class=\"attachment-large size-large\" alt=\"\" decoding=\"async\" loading=\"lazy\" srcset=\"https:\/\/www.riomare.fi\/wp-content\/uploads\/2018\/04\/shutterstock_415721434.png 350w, https:\/\/www.riomare.fi\/wp-content\/uploads\/2018\/04\/shutterstock_415721434-300x171.png 300w\" sizes=\"(max-width: 350px) 100vw, 350px\" \/>\t\t\t\t\t\t\n\t\t\t\t\t<\/div>\n\t\t\t\t\t\t<\/a>\t\t\n<style>\n#image_561202311 {\n  width: 100%;\n}\n<\/style>\n\t<\/div>\n\t\n<p style=\"font-size: 16px; line-height: 20px; padding: 0px 10px !important;\">A helyes t\u00e1pl\u00e1lkoz\u00e1s az akt\u00edv \u00e9letst\u00edlussal egy\u00fctt alapvet\u0151 szerepet t\u00f6lt be sz\u00e1mos \u201e\u00e9letm\u00f3dbetegs\u00e9gnek\u201d nevezett \u00e1rtalom megel\u0151z\u00e9s\u00e9ben.<\/p>\n<p class=\"plutobold uppercase\" style=\"margin-top: 30px !important; font-size: 18px; padding: 0px 10px !important;\"><a href=\"\/fish-in-the-mediterranean-diet\/ \">Tudj meg t\u00f6bbet!<\/a><\/p>\n\t\t<\/div>\n\t\t\t\t\n<style>\n#col-793064795 > .col-inner {\n  padding: 100px 10px 30px 10px;\n}\n<\/style>\n\t<\/div>\n\n\t\n\n\t<div id=\"col-165349302\" class=\"col linkprezioserisorse medium-6 small-12 large-3\"  >\n\t\t\t\t<div class=\"col-inner\"  >\n\t\t\t\n\t\t\t\n<h3 class=\"plutobold\" style=\"padding: 0px 10px; font-size: 24px; line-height: 26px;\">\u00c9rt\u00e9kes er\u0151forr\u00e1sok a j\u00f3ll\u00e9thez<\/h3>\n\t<div class=\"img has-hover x md-x lg-x y md-y lg-y\" id=\"image_2122815269\">\n\t\t<a class=\"\" href=\"\/precious-resources\/\"  >\t\t\t\t\t\t<div class=\"img-inner dark\" >\n\t\t\t<img width=\"350\" height=\"200\" src=\"https:\/\/www.riomare.fi\/wp-content\/uploads\/2018\/04\/TO-O-008_L_crostone-andrea.png\" class=\"attachment-large size-large\" alt=\"\" decoding=\"async\" loading=\"lazy\" srcset=\"https:\/\/www.riomare.fi\/wp-content\/uploads\/2018\/04\/TO-O-008_L_crostone-andrea.png 350w, https:\/\/www.riomare.fi\/wp-content\/uploads\/2018\/04\/TO-O-008_L_crostone-andrea-300x171.png 300w\" sizes=\"(max-width: 350px) 100vw, 350px\" \/>\t\t\t\t\t\t\n\t\t\t\t\t<\/div>\n\t\t\t\t\t\t<\/a>\t\t\n<style>\n#image_2122815269 {\n  width: 100%;\n}\n<\/style>\n\t<\/div>\n\t\n<p style=\"font-size: 16px; line-height: 20px; padding: 0px 10px !important;\">Mivel feh\u00e9rjegazdag, egy 100 grammos adag lecs\u00f6p\u00f6gtetett tonhal a feln\u0151ttek sz\u00e1m\u00e1ra megadja a napi aj\u00e1nlott kal\u00f3riabevitel mintegy t\u00edz sz\u00e1zal\u00e9k\u00e1t.<\/p>\n<p class=\"plutobold uppercase\" style=\"margin-top: 30px !important; font-size: 18px; padding: 0px 10px !important;\"><a href=\"\/precious-resources\/\">Tudj meg t\u00f6bbet!<\/a><\/p>\n\t\t<\/div>\n\t\t\t\t\n<style>\n#col-165349302 > .col-inner {\n  padding: 100px 10px 30px 10px;\n}\n<\/style>\n\t<\/div>\n\n\t\n\n\t<div id=\"col-886802022\" class=\"col linkcrescerecongusto medium-6 small-12 large-3\"  >\n\t\t\t\t<div class=\"col-inner\"  >\n\t\t\t\n\t\t\t\n<h3 class=\"plutobold\" style=\"padding: 0px 10px; font-size: 24px; line-height: 26px;\">Az eg\u00e9szs\u00e9gesebb gyermekek\u00e9rt<\/h3>\n\t<div class=\"img has-hover x md-x lg-x y md-y lg-y\" id=\"image_1035229672\">\n\t\t<a class=\"\" href=\"\/rio-mare-for-healthier-stronger-children\/\"  >\t\t\t\t\t\t<div class=\"img-inner dark\" >\n\t\t\t<img width=\"350\" height=\"200\" src=\"https:\/\/www.riomare.fi\/wp-content\/uploads\/2018\/04\/shutterstock_727282390.png\" class=\"attachment-large size-large\" alt=\"\" decoding=\"async\" loading=\"lazy\" srcset=\"https:\/\/www.riomare.fi\/wp-content\/uploads\/2018\/04\/shutterstock_727282390.png 350w, https:\/\/www.riomare.fi\/wp-content\/uploads\/2018\/04\/shutterstock_727282390-300x171.png 300w\" sizes=\"(max-width: 350px) 100vw, 350px\" \/>\t\t\t\t\t\t\n\t\t\t\t\t<\/div>\n\t\t\t\t\t\t<\/a>\t\t\n<style>\n#image_1035229672 {\n  width: 100%;\n}\n<\/style>\n\t<\/div>\n\t\n<p style=\"font-size: 16px; line-height: 20px; padding: 0px 10px !important;\">A hal mindenki, de k\u00fcl\u00f6n\u00f6sen a gyermekek sz\u00e1m\u00e1ra alapvet\u0151 fontoss\u00e1g\u00fa \u00e9lelmiszer! A Rio Mare tonhal t\u00f6k\u00e9letesen illeszkedik a gyerekeknek kialak\u00edtott eg\u00e9szs\u00e9gtudats t\u00e1pl\u00e1lkoz\u00e1sba.<\/p>\n<p class=\"plutobold uppercase\" style=\"margin-top: 30px !important; font-size: 18px; padding: 0px 10px !important;\"><a href=\"\/rio-mare-for-healthier-stronger-children\/\">Tudj meg t\u00f6bbet!<br \/>\n<\/a><\/p>\n\t\t<\/div>\n\t\t\t\t\n<style>\n#col-886802022 > .col-inner {\n  padding: 100px 10px 30px 10px;\n}\n<\/style>\n\t<\/div>\n\n\t\n\n\t<div id=\"col-273390255\" class=\"col linkbenesserepochecalorie medium-6 small-12 large-3\"  >\n\t\t\t\t<div class=\"col-inner\"  >\n\t\t\t\n\t\t\t\n<h3 class=\"plutobold\" style=\"padding: 0px 10px; font-size: 24px; line-height: 26px;\">Finom, de kal\u00f3riaszeg\u00e9ny<\/h3>\n\t<div class=\"img has-hover x md-x lg-x y md-y lg-y\" id=\"image_1275066163\">\n\t\t<a class=\"\" href=\"\/check-the-nutritional-facts\/\"  >\t\t\t\t\t\t<div class=\"img-inner dark\" >\n\t\t\t<img width=\"350\" height=\"200\" src=\"https:\/\/www.riomare.fi\/wp-content\/uploads\/2018\/04\/Livello-116.jpg\" class=\"attachment-large size-large\" alt=\"\" decoding=\"async\" loading=\"lazy\" srcset=\"https:\/\/www.riomare.fi\/wp-content\/uploads\/2018\/04\/Livello-116.jpg 350w, https:\/\/www.riomare.fi\/wp-content\/uploads\/2018\/04\/Livello-116-300x171.jpg 300w\" sizes=\"(max-width: 350px) 100vw, 350px\" \/>\t\t\t\t\t\t\n\t\t\t\t\t<\/div>\n\t\t\t\t\t\t<\/a>\t\t\n<style>\n#image_1275066163 {\n  width: 100%;\n}\n<\/style>\n\t<\/div>\n\t\n<p style=\"font-size: 16px; line-height: 20px; padding: 0px 10px !important;\">A Rio Mare term\u00e9kek kev\u00e9sb\u00e9 terhelik a gyomrot \u00e9s t\u00e1pl\u00e1l\u00f3bbak mint sok m\u00e1s, \u00e1ltal\u00e1ban f\u0151\u00e9tkez\u00e9sre fogyasztott \u00e9tel: \u00f6sszevetett\u00fck \u0151ket, hogy \u00edzletes alternat\u00edv\u00e1kat k\u00edn\u00e1lhassunk.<\/p>\n<p class=\"plutobold uppercase\" style=\"margin-top: 30px !important; font-size: 18px; padding: 0px 10px !important;\"><a href=\"\/finom-de-kaloriaszegeny\/\">Tudj meg t\u00f6bbet!<\/a><\/p>\n\t\t<\/div>\n\t\t\t\t\n<style>\n#col-273390255 > .col-inner {\n  padding: 100px 10px 30px 10px;\n}\n<\/style>\n\t<\/div>\n\n\t\n<\/div>\n\t\t<\/div>\n\n\t\t\n<style>\n#section_816659412 {\n  padding-top: 70px;\n  padding-bottom: 70px;\n  background-color: rgb(81, 159, 201);\n}\n#section_816659412 .ux-shape-divider--top svg {\n  height: 150px;\n  --divider-top-width: 100%;\n}\n#section_816659412 .ux-shape-divider--bottom svg {\n  height: 150px;\n  --divider-width: 100%;\n}\n<\/style>\n\t<\/section>\n\t\n\n\n\t<section class=\"section sliderhomepage sliderproducts\" id=\"section_2052930664\">\n\t\t<div class=\"bg section-bg fill bg-fill  bg-loaded\" >\n\n\t\t\t\n\t\t\t\n\t\t\t\n\n\t\t<\/div>\n\n\t\t\n\n\t\t<div class=\"section-content relative\">\n\t\t\t\n<div class=\"slider-wrapper relative\" id=\"slider-1143748992\" >\n    <div class=\"slider slider-nav-simple slider-nav-large slider-nav-light slider-style-normal slider-show-nav\"\n        data-flickity-options='{\n            \"cellAlign\": \"center\",\n            \"imagesLoaded\": true,\n            \"lazyLoad\": 1,\n            \"freeScroll\": false,\n            \"wrapAround\": true,\n            \"autoPlay\": 4000,\n            \"pauseAutoPlayOnHover\" : true,\n            \"prevNextButtons\": true,\n            \"contain\" : true,\n            \"adaptiveHeight\" : true,\n            \"dragThreshold\" : 10,\n            \"percentPosition\": true,\n            \"pageDots\": true,\n            \"rightToLeft\": false,\n            \"draggable\": true,\n            \"selectedAttraction\": 0.1,\n            \"parallax\" : 0,\n            \"friction\": 0.6        }'\n        >\n        \n\n  <div class=\"banner has-hover\" id=\"banner-881049795\">\n          <div class=\"banner-inner fill\">\n        <div class=\"banner-bg fill\" >\n            <div class=\"bg fill bg-fill \"><\/div>\n                                    \n                    <\/div>\n\t\t\n        <div class=\"banner-layers container\">\n            <div class=\"fill banner-link\"><\/div>            \n   <div id=\"text-box-859332321\" class=\"text-box banner-layer x50 md-x0 lg-x0 y90 md-y90 lg-y90 res-text\">\n                                <div class=\"text-box-content text \">\n              \n              <div class=\"text-inner text-center\">\n                  \n<div class=\"bannerbox\" style=\"text-align: left;\">\n<h1 class=\"uppercase plutobold\" style=\"font-size: 30px; line-height: 34px; letter-spacing: -2px;\">\t<strong>Tonhal<br \/>\n<\/strong><\/h1>\n<p class=\"plutoregular bannersubtitle\" style=\"padding-top: 20px!important; padding-bottom: 30px!important;\">Egyed\u00fcl\u00e1ll\u00f3 \u00edz, kiv\u00e1l\u00f3 min\u0151s\u00e9g \u00e9s gyakorlatiass\u00e1g egyetlen term\u00e9kben. A Rio Mare konzerv tonhal feh\u00e9rj\u00e9k, vitaminok \u00e9s \u00e1sv\u00e1nyi anyagok hasznos t\u00e1rh\u00e1za.\n<\/p>\n<\/div>\n<a href=\"\/products\/all-tuna\/\" target=\"_self\" class=\"button primary bannerbutton bannerbuttoncolor2\"  >\n    <span>Tudj meg t\u00f6bbet<\/span>\n  <\/a>\n\n              <\/div>\n           <\/div>\n                            \n<style>\n#text-box-859332321 .text-box-content {\n  background-color: rgb(255, 255, 255);\n  font-size: 100%;\n}\n#text-box-859332321 .text-inner {\n  padding: 50px 50px 0px 50px;\n}\n#text-box-859332321 {\n  width: 90%;\n}\n@media (min-width:550px) {\n  #text-box-859332321 {\n    width: 80%;\n  }\n}\n@media (min-width:850px) {\n  #text-box-859332321 {\n    width: 30%;\n  }\n}\n<\/style>\n    <\/div>\n \n        <\/div>\n      <\/div>\n\n            \n<style>\n#banner-881049795 {\n  padding-top: 700px;\n}\n#banner-881049795 .bg.bg-loaded {\n  background-image: url(https:\/\/www.riomare.fi\/wp-content\/uploads\/2018\/06\/header-pagina-tonno-1024x427.png);\n}\n#banner-881049795 .bg {\n  background-position: center;\n}\n#banner-881049795 .ux-shape-divider--top svg {\n  height: 150px;\n  --divider-top-width: 100%;\n}\n#banner-881049795 .ux-shape-divider--bottom svg {\n  height: 150px;\n  --divider-width: 100%;\n}\n<\/style>\n  <\/div>\n\n\n\n  <div class=\"banner has-hover\" id=\"banner-2051394608\">\n          <div class=\"banner-inner fill\">\n        <div class=\"banner-bg fill\" >\n            <div class=\"bg fill bg-fill \"><\/div>\n                                    \n                    <\/div>\n\t\t\n        <div class=\"banner-layers container\">\n            <div class=\"fill banner-link\"><\/div>            \n   <div id=\"text-box-750968374\" class=\"text-box banner-layer x50 md-x0 lg-x0 y90 md-y90 lg-y90 res-text\">\n                                <div class=\"text-box-content text \">\n              \n              <div class=\"text-inner text-center\">\n                  \n<div class=\"bannerbox\" style=\"text-align: left;\">\n<h1 class=\"uppercase plutobold\" style=\"font-size: 30px; line-height: 34px; letter-spacing: -2px;\"><strong>MAKR\u00c9LA<\/strong><\/h1>\n<p class=\"plutoregular bannersubtitle\" style=\"padding-top: 20px!important; padding-bottom: 30px!important;\">Pr\u00f3b\u00e1ld ki a Rio Mare makr\u00e9lakonzerv\u00e9t, amely az eg\u00e9szs\u00e9g \u00e9s az \u00edz t\u00f6k\u00e9letes kombin\u00e1ci\u00f3j\u00e1t k\u00edn\u00e1lja: konyhak\u00e9szen tartalmazza a k\u00e9k halak valamennyi t\u00e1panyag\u00e1t.<\/p>\n<\/div>\n<a href=\"\/products\/mackerel\" target=\"_self\" class=\"button primary bannerbutton bannerbuttoncolor2\"  >\n    <span>Tudj meg t\u00f6bbet<\/span>\n  <\/a>\n\n              <\/div>\n           <\/div>\n                            \n<style>\n#text-box-750968374 .text-box-content {\n  background-color: rgb(255, 255, 255);\n  font-size: 100%;\n}\n#text-box-750968374 .text-inner {\n  padding: 50px 50px 0px 50px;\n}\n#text-box-750968374 {\n  width: 90%;\n}\n@media (min-width:550px) {\n  #text-box-750968374 {\n    width: 80%;\n  }\n}\n@media (min-width:850px) {\n  #text-box-750968374 {\n    width: 30%;\n  }\n}\n<\/style>\n    <\/div>\n \n        <\/div>\n      <\/div>\n\n            \n<style>\n#banner-2051394608 {\n  padding-top: 700px;\n}\n#banner-2051394608 .bg.bg-loaded {\n  background-image: url(https:\/\/www.riomare.fi\/wp-content\/uploads\/2018\/06\/markerel.jpg);\n}\n#banner-2051394608 .bg {\n  background-position: center;\n}\n#banner-2051394608 .ux-shape-divider--top svg {\n  height: 150px;\n  --divider-top-width: 100%;\n}\n#banner-2051394608 .ux-shape-divider--bottom svg {\n  height: 150px;\n  --divider-width: 100%;\n}\n<\/style>\n  <\/div>\n\n\n     <\/div>\n\n     <div class=\"loading-spin dark large centered\"><\/div>\n\n          <style>\n            #slider-1143748992 .flickity-slider > * { max-width: 100% !important; }\n     <\/style>\n     \t<\/div>\n\n\n\t\t<\/div>\n\n\t\t\n<style>\n#section_2052930664 {\n  padding-top: 0px;\n  padding-bottom: 0px;\n}\n#section_2052930664 .ux-shape-divider--top svg {\n  height: 150px;\n  --divider-top-width: 100%;\n}\n#section_2052930664 .ux-shape-divider--bottom svg {\n  height: 150px;\n  --divider-width: 100%;\n}\n<\/style>\n\t<\/section>\n\t\n\n","protected":false},"excerpt":{"rendered":"","protected":false},"author":2,"featured_media":0,"parent":0,"menu_order":0,"comment_status":"closed","ping_status":"closed","template":"page-blank.php","meta":[],"acf":[],"_links":{"self":[{"href":"https:\/\/www.riomare.fi\/hu\/wp-json\/wp\/v2\/pages\/2619"}],"collection":[{"href":"https:\/\/www.riomare.fi\/hu\/wp-json\/wp\/v2\/pages"}],"about":[{"href":"https:\/\/www.riomare.fi\/hu\/wp-json\/wp\/v2\/types\/page"}],"author":[{"embeddable":true,"href":"https:\/\/www.riomare.fi\/hu\/wp-json\/wp\/v2\/users\/2"}],"replies":[{"embeddable":true,"href":"https:\/\/www.riomare.fi\/hu\/wp-json\/wp\/v2\/comments?post=2619"}],"version-history":[{"count":29,"href":"https:\/\/www.riomare.fi\/hu\/wp-json\/wp\/v2\/pages\/2619\/revisions"}],"predecessor-version":[{"id":4847,"href":"https:\/\/www.riomare.fi\/hu\/wp-json\/wp\/v2\/pages\/2619\/revisions\/4847"}],"wp:attachment":[{"href":"https:\/\/www.riomare.fi\/hu\/wp-json\/wp\/v2\/media?parent=2619"}],"curies":[{"name":"wp","href":"https:\/\/api.w.org\/{rel}","templated":true}]}}