{"id":2593,"date":"2018-03-21T19:28:47","date_gmt":"2018-03-21T19:28:47","guid":{"rendered":"http:\/\/riomare-ml.secure-lampi.com\/il-pesce-rio-mare-per-i-bambini\/"},"modified":"2021-08-30T07:48:21","modified_gmt":"2021-08-30T07:48:21","slug":"az-egeszsegesebb-gyermekekert","status":"publish","type":"page","link":"https:\/\/www.riomare.fi\/hu\/az-egeszsegesebb-gyermekekert\/","title":{"rendered":"Az eg\u00e9szs\u00e9gesebb gyermekek\u00e9rt"},"content":{"rendered":"\n  <div class=\"banner has-hover\" id=\"banner-530533251\">\n          <div class=\"banner-inner fill\">\n        <div class=\"banner-bg fill\" >\n            <div class=\"bg fill bg-fill \"><\/div>\n                                    \n                    <\/div>\n\t\t\n        <div class=\"banner-layers container\">\n            <div class=\"fill banner-link\"><\/div>            \n        <\/div>\n      <\/div>\n\n            \n<style>\n#banner-530533251 {\n  padding-top: 700px;\n}\n#banner-530533251 .bg.bg-loaded {\n  background-image: url(https:\/\/www.riomare.fi\/wp-content\/uploads\/2018\/03\/68-1024x473.jpg);\n}\n#banner-530533251 .ux-shape-divider--top svg {\n  height: 150px;\n  --divider-top-width: 100%;\n}\n#banner-530533251 .ux-shape-divider--bottom svg {\n  height: 150px;\n  --divider-width: 100%;\n}\n<\/style>\n  <\/div>\n\n\n\t<section class=\"section\" id=\"section_693753185\">\n\t\t<div class=\"bg section-bg fill bg-fill  bg-loaded\" >\n\n\t\t\t\n\t\t\t\n\t\t\t\n\n\t\t<\/div>\n\n\t\t\n\n\t\t<div class=\"section-content relative\">\n\t\t\t\n<div class=\"row row-collapse align-middle\"  id=\"row-1984057061\">\n\n\t<div id=\"col-273486081\" class=\"col medium-6 small-12 large-6\"  >\n\t\t\t\t<div class=\"col-inner\"  >\n\t\t\t\n\t\t\t\n<h3 class=\"plutobold\" style=\"font-size: 40px; margin-top: 0px !important; line-height: 45px;\">Rio Mare az eg\u00e9szs\u00e9gesebb,<br \/>\ner\u0151sebb gyermekek\u00e9rt<\/h3>\n<p style=\"color: #008fcc; font-size: 20px; line-height: 25px;\">A hal mindenki sz\u00e1m\u00e1ra alapvet\u0151 t\u00e1pl\u00e1l\u00e9k, k\u00fcl\u00f6n\u00f6sen a gyermekek sz\u00e1m\u00e1ra!<br \/>\nAz\u00e9rt mert\u2026<\/p>\n<div class=\"sharingIcon\">\n<\/div>\n<p class=\"plutolight\" style=\"margin-top: 20px !important;\">A hal gazdag olyan t\u00e1panyagokban, amelyek n\u00e9lk\u00fcl\u00f6zhetetlenek a n\u00f6veked\u00e9shez, \u00e9s hat\u00e1sosan serkentik a fejl\u0151d\u0151 immunrendszert. <\/p>\n<p class=\"plutolight\" style=\"margin-top: 20px !important;\">Emellett a halfeh\u00e9rj\u00e9knek magas a biol\u00f3giai \u00e9rt\u00e9k\u00fck, rengeteg vitaminnal \u00e9s \u00e1sv\u00e1nyi anyaggal l\u00e1tnak el minket, \u00edgy foszforral, kalciummal, vassal, fluoriddal \u00e9s j\u00f3ddal.<\/p>\n<p class=\"plutolight\" style=\"margin-top: 20px !important;\">Mindezek miatt fontos, hogy a gyerekeket m\u00e1r kiskorukt\u00f3l r\u00e1szoktassuk a halfogyaszt\u00e1sra!<\/p>\n<p class=\"plutolight\" style=\"margin-top: 20px !important;\">A Rio Mare tonhal praktikus \u00e9s eg\u00e9szs\u00e9ges m\u00f3dot k\u00edn\u00e1l arra, hogy a halat a gyermekek \u00e9trendj\u00e9nek a r\u00e9sz\u00e9v\u00e9 tegy\u00fck.R\u00e1ad\u00e1sul im\u00e1dni fogj\u00e1k, mert finom, nincs benne sz\u00e1lka, \u00e9s nincs szaga sem!<\/p>\n\t\t<\/div>\n\t\t\t\t\n<style>\n#col-273486081 > .col-inner {\n  padding: 0px 30px 0px 0px;\n}\n<\/style>\n\t<\/div>\n\n\t\n\n\t<div id=\"col-1356617259\" class=\"col medium-6 small-12 large-6\"  >\n\t\t\t\t<div class=\"col-inner\"  >\n\t\t\t\n\t\t\t\n\t<div class=\"img has-hover x md-x lg-x y md-y lg-y\" id=\"image_1640998302\">\n\t\t\t\t\t\t\t\t<div class=\"img-inner dark\" >\n\t\t\t<img width=\"600\" height=\"512\" src=\"https:\/\/www.riomare.fi\/wp-content\/uploads\/2018\/03\/69.jpg\" class=\"attachment-original size-original\" alt=\"\" decoding=\"async\" loading=\"lazy\" srcset=\"https:\/\/www.riomare.fi\/wp-content\/uploads\/2018\/03\/69.jpg 600w, https:\/\/www.riomare.fi\/wp-content\/uploads\/2018\/03\/69-300x256.jpg 300w\" sizes=\"(max-width: 600px) 100vw, 600px\" \/>\t\t\t\t\t\t\n\t\t\t\t\t<\/div>\n\t\t\t\t\t\t\t\t\n<style>\n#image_1640998302 {\n  width: 100%;\n}\n<\/style>\n\t<\/div>\n\t\n\t\t<\/div>\n\t\t\t\t\t<\/div>\n\n\t\n\n<style>\n#row-1984057061 > .col > .col-inner {\n  padding: 0px 15px 0px 15px;\n}\n<\/style>\n<\/div>\n\t\t<\/div>\n\n\t\t\n<style>\n#section_693753185 {\n  padding-top: 70px;\n  padding-bottom: 70px;\n  background-color: rgb(255, 255, 255);\n}\n#section_693753185 .ux-shape-divider--top svg {\n  height: 150px;\n  --divider-top-width: 100%;\n}\n#section_693753185 .ux-shape-divider--bottom svg {\n  height: 150px;\n  --divider-width: 100%;\n}\n<\/style>\n\t<\/section>\n\t\n\t<section class=\"section hoverposts dark\" id=\"section_884997072\">\n\t\t<div class=\"bg section-bg fill bg-fill  bg-loaded\" >\n\n\t\t\t\n\t\t\t\n\t\t\t\n\n\t\t<\/div>\n\n\t\t\n\n\t\t<div class=\"section-content relative\">\n\t\t\t\n<div class=\"row align-equal rowlarge\"  id=\"row-566392374\">\n\n\t<div id=\"col-765352609\" class=\"col linkpescenelladieta medium-6 small-12 large-3\"  >\n\t\t\t\t<div class=\"col-inner\"  >\n\t\t\t\n\t\t\t\n<h3 class=\"plutobold\" style=\"padding: 0px 10px; font-size: 24px; line-height: 26px;\">A hal a mediterr\u00e1n \u00e9trendben<\/h3>\n\t<div class=\"img has-hover x md-x lg-x y md-y lg-y\" id=\"image_1450945560\">\n\t\t<a class=\"\" href=\"\/il-pesce-nella-dieta-mediterranea\/\"  >\t\t\t\t\t\t<div class=\"img-inner dark\" >\n\t\t\t<img width=\"350\" height=\"200\" src=\"https:\/\/www.riomare.fi\/wp-content\/uploads\/2018\/04\/shutterstock_415721434.png\" class=\"attachment-large size-large\" alt=\"\" decoding=\"async\" loading=\"lazy\" srcset=\"https:\/\/www.riomare.fi\/wp-content\/uploads\/2018\/04\/shutterstock_415721434.png 350w, https:\/\/www.riomare.fi\/wp-content\/uploads\/2018\/04\/shutterstock_415721434-300x171.png 300w\" sizes=\"(max-width: 350px) 100vw, 350px\" \/>\t\t\t\t\t\t\n\t\t\t\t\t<\/div>\n\t\t\t\t\t\t<\/a>\t\t\n<style>\n#image_1450945560 {\n  width: 100%;\n}\n<\/style>\n\t<\/div>\n\t\n<p style=\"font-size: 16px; line-height: 20px; padding: 0px 10px !important;\">A helyes t\u00e1pl\u00e1lkoz\u00e1s az akt\u00edv \u00e9letst\u00edlussal egy\u00fctt alapvet\u0151 szerepet t\u00f6lt be sz\u00e1mos \u201e\u00e9letm\u00f3dbetegs\u00e9gnek\u201d nevezett \u00e1rtalom megel\u0151z\u00e9s\u00e9ben.<\/p>\n<p class=\"plutobold uppercase\" style=\"margin-top: 30px !important; font-size: 18px; padding: 0px 10px !important;\"><a href=\"\/fish-in-the-mediterranean-diet\/ \">Tudj meg t\u00f6bbet!<\/a><\/p>\n\t\t<\/div>\n\t\t\t\t\n<style>\n#col-765352609 > .col-inner {\n  padding: 100px 10px 30px 10px;\n}\n<\/style>\n\t<\/div>\n\n\t\n\n\t<div id=\"col-934058454\" class=\"col linkprezioserisorse medium-6 small-12 large-3\"  >\n\t\t\t\t<div class=\"col-inner\"  >\n\t\t\t\n\t\t\t\n<h3 class=\"plutobold\" style=\"padding: 0px 10px; font-size: 24px; line-height: 26px;\">\u00c9rt\u00e9kes er\u0151forr\u00e1sok a j\u00f3ll\u00e9thez<\/h3>\n\t<div class=\"img has-hover x md-x lg-x y md-y lg-y\" id=\"image_1215803817\">\n\t\t\t\t\t\t\t\t<div class=\"img-inner dark\" >\n\t\t\t<img width=\"350\" height=\"200\" src=\"https:\/\/www.riomare.fi\/wp-content\/uploads\/2018\/04\/TO-O-008_L_crostone-andrea.png\" class=\"attachment-large size-large\" alt=\"\" decoding=\"async\" loading=\"lazy\" srcset=\"https:\/\/www.riomare.fi\/wp-content\/uploads\/2018\/04\/TO-O-008_L_crostone-andrea.png 350w, https:\/\/www.riomare.fi\/wp-content\/uploads\/2018\/04\/TO-O-008_L_crostone-andrea-300x171.png 300w\" sizes=\"(max-width: 350px) 100vw, 350px\" \/>\t\t\t\t\t\t\n\t\t\t\t\t<\/div>\n\t\t\t\t\t\t\t\t\n<style>\n#image_1215803817 {\n  width: 100%;\n}\n<\/style>\n\t<\/div>\n\t\n<p style=\"font-size: 16px; line-height: 20px; padding: 0px 10px !important;\">Mivel feh\u00e9rjegazdag, egy 100 grammos adag lecs\u00f6p\u00f6gtetett tonhal a feln\u0151ttek sz\u00e1m\u00e1ra megadja a napi aj\u00e1nlott kal\u00f3riabevitel mintegy t\u00edz sz\u00e1zal\u00e9k\u00e1t.<\/p>\n<p class=\"plutobold uppercase\" style=\"margin-top: 30px !important; font-size: 18px; padding: 0px 10px !important;\"><a href=\"\/precious-resources\/\">Tudj meg t\u00f6bbet!<\/a><\/p>\n\t\t<\/div>\n\t\t\t\t\n<style>\n#col-934058454 > .col-inner {\n  padding: 100px 10px 30px 10px;\n}\n<\/style>\n\t<\/div>\n\n\t\n\n\t<div id=\"col-1026175237\" class=\"col linkcrescerecongusto medium-6 small-12 large-3\"  >\n\t\t\t\t<div class=\"col-inner\"  >\n\t\t\t\n\t\t\t\n<h3 class=\"plutobold\" style=\"padding: 0px 10px; font-size: 24px; line-height: 26px;\">Az eg\u00e9szs\u00e9gesebb gyermekek\u00e9rt<\/h3>\n\t<div class=\"img has-hover x md-x lg-x y md-y lg-y\" id=\"image_1871517650\">\n\t\t<a class=\"\" href=\"\/il-pesce-rio-mare-per-i-bambini\/\"  >\t\t\t\t\t\t<div class=\"img-inner dark\" >\n\t\t\t<img width=\"350\" height=\"200\" src=\"https:\/\/www.riomare.fi\/wp-content\/uploads\/2018\/04\/shutterstock_727282390.png\" class=\"attachment-large size-large\" alt=\"\" decoding=\"async\" loading=\"lazy\" srcset=\"https:\/\/www.riomare.fi\/wp-content\/uploads\/2018\/04\/shutterstock_727282390.png 350w, https:\/\/www.riomare.fi\/wp-content\/uploads\/2018\/04\/shutterstock_727282390-300x171.png 300w\" sizes=\"(max-width: 350px) 100vw, 350px\" \/>\t\t\t\t\t\t\n\t\t\t\t\t<\/div>\n\t\t\t\t\t\t<\/a>\t\t\n<style>\n#image_1871517650 {\n  width: 100%;\n}\n<\/style>\n\t<\/div>\n\t\n<p style=\"font-size: 16px; line-height: 20px; padding: 0px 10px !important;\">A hal mindenki, de k\u00fcl\u00f6n\u00f6sen a gyermekek sz\u00e1m\u00e1ra alapvet\u0151 fontoss\u00e1g\u00fa \u00e9lelmiszer! A Rio Mare tonhal t\u00f6k\u00e9letesen illeszkedik a gyerekeknek kialak\u00edtott eg\u00e9szs\u00e9gtudats t\u00e1pl\u00e1lkoz\u00e1sba.<\/p>\n<p class=\"plutobold uppercase\" style=\"margin-top: 30px !important; font-size: 18px; padding: 0px 10px !important;\"><a href=\"\/rio-mare-for-healthier-stronger-children\/\">Tudj meg t\u00f6bbet!<\/a><\/p>\n\t\t<\/div>\n\t\t\t\t\n<style>\n#col-1026175237 > .col-inner {\n  padding: 100px 10px 30px 10px;\n}\n<\/style>\n\t<\/div>\n\n\t\n\n\t<div id=\"col-892473198\" class=\"col linkbenesserepochecalorie medium-6 small-12 large-3\"  >\n\t\t\t\t<div class=\"col-inner\"  >\n\t\t\t\n\t\t\t\n<h3 class=\"plutobold\" style=\"padding: 0px 10px; font-size: 24px; line-height: 26px;\">Finom, de kal\u00f3riaszeg\u00e9ny<\/h3>\n\t<div class=\"img has-hover x md-x lg-x y md-y lg-y\" id=\"image_1242518053\">\n\t\t<a class=\"\" href=\"\/il-benessere-in-poche-calorie\/\"  >\t\t\t\t\t\t<div class=\"img-inner dark\" >\n\t\t\t<img width=\"350\" height=\"200\" src=\"https:\/\/www.riomare.fi\/wp-content\/uploads\/2018\/04\/Livello-116.jpg\" class=\"attachment-large size-large\" alt=\"\" decoding=\"async\" loading=\"lazy\" srcset=\"https:\/\/www.riomare.fi\/wp-content\/uploads\/2018\/04\/Livello-116.jpg 350w, https:\/\/www.riomare.fi\/wp-content\/uploads\/2018\/04\/Livello-116-300x171.jpg 300w\" sizes=\"(max-width: 350px) 100vw, 350px\" \/>\t\t\t\t\t\t\n\t\t\t\t\t<\/div>\n\t\t\t\t\t\t<\/a>\t\t\n<style>\n#image_1242518053 {\n  width: 100%;\n}\n<\/style>\n\t<\/div>\n\t\n<p style=\"font-size: 16px; line-height: 20px; padding: 0px 10px !important;\">A Rio Mare term\u00e9kek kev\u00e9sb\u00e9 terhelik a gyomrot \u00e9s t\u00e1pl\u00e1l\u00f3bbak mint sok m\u00e1s, \u00e1ltal\u00e1ban f\u0151\u00e9tkez\u00e9sre fogyasztott \u00e9tel: \u00f6sszevetett\u00fck \u0151ket, hogy \u00edzletes alternat\u00edv\u00e1kat k\u00edn\u00e1lhassunk.<\/p>\n<p class=\"plutobold uppercase\" style=\"margin-top: 30px !important; font-size: 18px; padding: 0px 10px !important;\"><a href=\"\/finom-de-kaloriaszegeny\/\">Tudj meg t\u00f6bbet!<\/a><\/p>\n\t\t<\/div>\n\t\t\t\t\n<style>\n#col-892473198 > .col-inner {\n  padding: 100px 10px 30px 10px;\n}\n<\/style>\n\t<\/div>\n\n\t\n<\/div>\n\t\t<\/div>\n\n\t\t\n<style>\n#section_884997072 {\n  padding-top: 70px;\n  padding-bottom: 70px;\n  background-color: rgb(81, 159, 201);\n}\n#section_884997072 .ux-shape-divider--top svg {\n  height: 150px;\n  --divider-top-width: 100%;\n}\n#section_884997072 .ux-shape-divider--bottom svg {\n  height: 150px;\n  --divider-width: 100%;\n}\n<\/style>\n\t<\/section>\n\t\n\t<section class=\"section sliderhomepage sliderproducts\" id=\"section_501595889\">\n\t\t<div class=\"bg section-bg fill bg-fill  bg-loaded\" >\n\n\t\t\t\n\t\t\t\n\t\t\t\n\n\t\t<\/div>\n\n\t\t\n\n\t\t<div class=\"section-content relative\">\n\t\t\t\n<div class=\"slider-wrapper relative\" id=\"slider-15459759\" >\n    <div class=\"slider slider-nav-simple slider-nav-large slider-nav-light slider-style-normal slider-show-nav\"\n        data-flickity-options='{\n            \"cellAlign\": \"center\",\n            \"imagesLoaded\": true,\n            \"lazyLoad\": 1,\n            \"freeScroll\": false,\n            \"wrapAround\": true,\n            \"autoPlay\": 4000,\n            \"pauseAutoPlayOnHover\" : true,\n            \"prevNextButtons\": true,\n            \"contain\" : true,\n            \"adaptiveHeight\" : true,\n            \"dragThreshold\" : 10,\n            \"percentPosition\": true,\n            \"pageDots\": true,\n            \"rightToLeft\": false,\n            \"draggable\": true,\n            \"selectedAttraction\": 0.1,\n            \"parallax\" : 0,\n            \"friction\": 0.6        }'\n        >\n        \n\n  <div class=\"banner has-hover\" id=\"banner-1941777302\">\n          <div class=\"banner-inner fill\">\n        <div class=\"banner-bg fill\" >\n            <div class=\"bg fill bg-fill \"><\/div>\n                                    \n                    <\/div>\n\t\t\n        <div class=\"banner-layers container\">\n            <div class=\"fill banner-link\"><\/div>            \n   <div id=\"text-box-2020286114\" class=\"text-box banner-layer x50 md-x0 lg-x0 y90 md-y90 lg-y90 res-text\">\n                                <div class=\"text-box-content text \">\n              \n              <div class=\"text-inner text-center\">\n                  \n<div class=\"bannerbox\" style=\"text-align: left;\">\n<h1 class=\"uppercase plutobold\" style=\"font-size: 30px; line-height: 34px; letter-spacing: -2px;\">\t<strong>Tonhal<br \/>\n<\/strong><\/h1>\n<p class=\"plutoregular bannersubtitle\" style=\"padding-top: 20px!important; padding-bottom: 30px!important;\">Egyed\u00fcl\u00e1ll\u00f3 \u00edz, kiv\u00e1l\u00f3 min\u0151s\u00e9g \u00e9s gyakorlatiass\u00e1g egyetlen term\u00e9kben. A Rio Mare konzerv tonhal feh\u00e9rj\u00e9k, vitaminok \u00e9s \u00e1sv\u00e1nyi anyagok hasznos t\u00e1rh\u00e1za.\n<\/p>\n<\/div>\n<a href=\"\/products\/all-tuna\/\" target=\"_self\" class=\"button primary bannerbutton bannerbuttoncolor2\"  >\n    <span>Tudj meg t\u00f6bbet<\/span>\n  <\/a>\n\n              <\/div>\n           <\/div>\n                            \n<style>\n#text-box-2020286114 .text-box-content {\n  background-color: rgb(255, 255, 255);\n  font-size: 100%;\n}\n#text-box-2020286114 .text-inner {\n  padding: 50px 50px 0px 50px;\n}\n#text-box-2020286114 {\n  width: 90%;\n}\n@media (min-width:550px) {\n  #text-box-2020286114 {\n    width: 80%;\n  }\n}\n@media (min-width:850px) {\n  #text-box-2020286114 {\n    width: 30%;\n  }\n}\n<\/style>\n    <\/div>\n \n        <\/div>\n      <\/div>\n\n            \n<style>\n#banner-1941777302 {\n  padding-top: 700px;\n}\n#banner-1941777302 .bg.bg-loaded {\n  background-image: url(https:\/\/www.riomare.fi\/wp-content\/uploads\/2018\/06\/header-pagina-tonno-1024x427.png);\n}\n#banner-1941777302 .bg {\n  background-position: center;\n}\n#banner-1941777302 .ux-shape-divider--top svg {\n  height: 150px;\n  --divider-top-width: 100%;\n}\n#banner-1941777302 .ux-shape-divider--bottom svg {\n  height: 150px;\n  --divider-width: 100%;\n}\n<\/style>\n  <\/div>\n\n\n\n  <div class=\"banner has-hover\" id=\"banner-1706558371\">\n          <div class=\"banner-inner fill\">\n        <div class=\"banner-bg fill\" >\n            <div class=\"bg fill bg-fill \"><\/div>\n                                    \n                    <\/div>\n\t\t\n        <div class=\"banner-layers container\">\n            <div class=\"fill banner-link\"><\/div>            \n   <div id=\"text-box-601286425\" class=\"text-box banner-layer x50 md-x0 lg-x0 y90 md-y90 lg-y90 res-text\">\n                                <div class=\"text-box-content text \">\n              \n              <div class=\"text-inner text-center\">\n                  \n<div class=\"bannerbox\" style=\"text-align: left;\">\n<h1 class=\"uppercase plutobold\" style=\"font-size: 30px; line-height: 34px; letter-spacing: -2px;\"><strong>MAKR\u00c9LA<\/strong><\/h1>\n<p class=\"plutoregular bannersubtitle\" style=\"padding-top: 20px!important; padding-bottom: 30px!important;\">Pr\u00f3b\u00e1ld ki a Rio Mare makr\u00e9lakonzerv\u00e9t, amely az eg\u00e9szs\u00e9g \u00e9s az \u00edz t\u00f6k\u00e9letes kombin\u00e1ci\u00f3j\u00e1t k\u00edn\u00e1lja: konyhak\u00e9szen tartalmazza a k\u00e9k halak valamennyi t\u00e1panyag\u00e1t.<\/p>\n<\/div>\n<a href=\"\/products\/mackerel\" target=\"_self\" class=\"button primary bannerbutton bannerbuttoncolor2\"  >\n    <span>Tudj meg t\u00f6bbet<\/span>\n  <\/a>\n\n              <\/div>\n           <\/div>\n                            \n<style>\n#text-box-601286425 .text-box-content {\n  background-color: rgb(255, 255, 255);\n  font-size: 100%;\n}\n#text-box-601286425 .text-inner {\n  padding: 50px 50px 0px 50px;\n}\n#text-box-601286425 {\n  width: 90%;\n}\n@media (min-width:550px) {\n  #text-box-601286425 {\n    width: 80%;\n  }\n}\n@media (min-width:850px) {\n  #text-box-601286425 {\n    width: 30%;\n  }\n}\n<\/style>\n    <\/div>\n \n        <\/div>\n      <\/div>\n\n            \n<style>\n#banner-1706558371 {\n  padding-top: 700px;\n}\n#banner-1706558371 .bg.bg-loaded {\n  background-image: url(https:\/\/www.riomare.fi\/wp-content\/uploads\/2018\/06\/markerel.jpg);\n}\n#banner-1706558371 .bg {\n  background-position: center;\n}\n#banner-1706558371 .ux-shape-divider--top svg {\n  height: 150px;\n  --divider-top-width: 100%;\n}\n#banner-1706558371 .ux-shape-divider--bottom svg {\n  height: 150px;\n  --divider-width: 100%;\n}\n<\/style>\n  <\/div>\n\n\n     <\/div>\n\n     <div class=\"loading-spin dark large centered\"><\/div>\n\n          <style>\n            #slider-15459759 .flickity-slider > * { max-width: 100% !important; }\n     <\/style>\n     \t<\/div>\n\n\n\t\t<\/div>\n\n\t\t\n<style>\n#section_501595889 {\n  padding-top: 0px;\n  padding-bottom: 0px;\n}\n#section_501595889 .ux-shape-divider--top svg {\n  height: 150px;\n  --divider-top-width: 100%;\n}\n#section_501595889 .ux-shape-divider--bottom svg {\n  height: 150px;\n  --divider-width: 100%;\n}\n<\/style>\n\t<\/section>\n\t\n","protected":false},"excerpt":{"rendered":"","protected":false},"author":2,"featured_media":0,"parent":0,"menu_order":0,"comment_status":"closed","ping_status":"closed","template":"page-blank.php","meta":[],"acf":[],"_links":{"self":[{"href":"https:\/\/www.riomare.fi\/hu\/wp-json\/wp\/v2\/pages\/2593"}],"collection":[{"href":"https:\/\/www.riomare.fi\/hu\/wp-json\/wp\/v2\/pages"}],"about":[{"href":"https:\/\/www.riomare.fi\/hu\/wp-json\/wp\/v2\/types\/page"}],"author":[{"embeddable":true,"href":"https:\/\/www.riomare.fi\/hu\/wp-json\/wp\/v2\/users\/2"}],"replies":[{"embeddable":true,"href":"https:\/\/www.riomare.fi\/hu\/wp-json\/wp\/v2\/comments?post=2593"}],"version-history":[{"count":33,"href":"https:\/\/www.riomare.fi\/hu\/wp-json\/wp\/v2\/pages\/2593\/revisions"}],"predecessor-version":[{"id":4849,"href":"https:\/\/www.riomare.fi\/hu\/wp-json\/wp\/v2\/pages\/2593\/revisions\/4849"}],"wp:attachment":[{"href":"https:\/\/www.riomare.fi\/hu\/wp-json\/wp\/v2\/media?parent=2593"}],"curies":[{"name":"wp","href":"https:\/\/api.w.org\/{rel}","templated":true}]}}